{"id":11870,"date":"2024-07-22T11:34:15","date_gmt":"2024-07-22T09:34:15","guid":{"rendered":"https:\/\/www.yaelandthebags.com\/?post_type=product&#038;p=11870"},"modified":"2025-11-28T18:46:45","modified_gmt":"2025-11-28T17:46:45","slug":"virknalar-2","status":"publish","type":"product","link":"https:\/\/www.yaelandthebags.com\/sv_se\/produkt\/virknalar-2\/","title":{"rendered":"Virkn\u00e5lar"},"content":{"rendered":"<p>Tre praktiska virkn\u00e5lar i nyckelring. Perfekt att alltid ha till hands n\u00e4r man tappat en maska och beh\u00f6ver ha n\u00e5got att plocka upp den med eller kommer p\u00e5 att man bara m\u00e5ste virka lite.<\/p>\n","protected":false},"excerpt":{"rendered":"<p>Tre praktiska virkn\u00e5lar i nyckelring. Perfekt att alltid ha till hands n\u00e4r man tappat en maska och beh\u00f6ver ha n\u00e5got att plocka upp den med eller kommer p\u00e5 att man bara m\u00e5ste virka lite.<\/p>\n","protected":false},"featured_media":9693,"comment_status":"open","ping_status":"closed","template":"","meta":[],"product_brand":[],"product_cat":[49],"product_tag":[],"class_list":{"0":"post-11870","1":"product","2":"type-product","3":"status-publish","4":"has-post-thumbnail","6":"product_cat-tillbehor","7":"description-off","9":"first","10":"instock","11":"taxable","12":"shipping-taxable","13":"purchasable","14":"product-type-simple"},"exclude_global_add_ons":[],"addons":[],"_links":{"self":[{"href":"https:\/\/www.yaelandthebags.com\/sv_se\/wp-json\/wp\/v2\/product\/11870","targetHints":{"allow":["GET"]}}],"collection":[{"href":"https:\/\/www.yaelandthebags.com\/sv_se\/wp-json\/wp\/v2\/product"}],"about":[{"href":"https:\/\/www.yaelandthebags.com\/sv_se\/wp-json\/wp\/v2\/types\/product"}],"replies":[{"embeddable":true,"href":"https:\/\/www.yaelandthebags.com\/sv_se\/wp-json\/wp\/v2\/comments?post=11870"}],"version-history":[{"count":0,"href":"https:\/\/www.yaelandthebags.com\/sv_se\/wp-json\/wp\/v2\/product\/11870\/revisions"}],"wp:featuredmedia":[{"embeddable":true,"href":"https:\/\/www.yaelandthebags.com\/sv_se\/wp-json\/wp\/v2\/media\/9693"}],"wp:attachment":[{"href":"https:\/\/www.yaelandthebags.com\/sv_se\/wp-json\/wp\/v2\/media?parent=11870"}],"wp:term":[{"taxonomy":"product_brand","embeddable":true,"href":"https:\/\/www.yaelandthebags.com\/sv_se\/wp-json\/wp\/v2\/product_brand?post=11870"},{"taxonomy":"product_cat","embeddable":true,"href":"https:\/\/www.yaelandthebags.com\/sv_se\/wp-json\/wp\/v2\/product_cat?post=11870"},{"taxonomy":"product_tag","embeddable":true,"href":"https:\/\/www.yaelandthebags.com\/sv_se\/wp-json\/wp\/v2\/product_tag?post=11870"}],"curies":[{"name":"wp","href":"https:\/\/api.w.org\/{rel}","templated":true}]}}