{"id":11899,"date":"2024-08-08T10:21:59","date_gmt":"2024-08-08T08:21:59","guid":{"rendered":"https:\/\/www.yaelandthebags.com\/?post_type=product&#038;p=11899"},"modified":"2026-02-10T20:24:53","modified_gmt":"2026-02-10T19:24:53","slug":"stickmarkor-davidsstjarna-dubbel","status":"publish","type":"product","link":"https:\/\/www.yaelandthebags.com\/sv_se\/produkt\/stickmarkor-davidsstjarna-dubbel\/","title":{"rendered":"Stickmark\u00f6r &#8211; davidsstj\u00e4rna dubbel"},"content":{"rendered":"<p>S\u00f6t stickmark\u00f6r i form av en davidsstj\u00e4rna med en mindre davidsstj\u00e4rna inuti. Storlek ca 16 x 22 \u00a0mm.<\/p>\n<p>&nbsp;<\/p>\n","protected":false},"excerpt":{"rendered":"<p>S\u00f6t stickmark\u00f6r i form av en davidsstj\u00e4rna med en mindre davidsstj\u00e4rna inuti. Storlek ca 16 x 22 \u00a0mm. &nbsp;<\/p>\n","protected":false},"featured_media":11891,"comment_status":"open","ping_status":"closed","template":"","meta":[],"product_brand":[],"product_cat":[54,49],"product_tag":[],"class_list":{"0":"post-11899","1":"product","2":"type-product","3":"status-publish","4":"has-post-thumbnail","6":"product_cat-judaica","7":"product_cat-tillbehor","8":"description-off","10":"first","11":"instock","12":"taxable","13":"shipping-taxable","14":"purchasable","15":"product-type-simple"},"exclude_global_add_ons":[],"addons":[],"_links":{"self":[{"href":"https:\/\/www.yaelandthebags.com\/sv_se\/wp-json\/wp\/v2\/product\/11899","targetHints":{"allow":["GET"]}}],"collection":[{"href":"https:\/\/www.yaelandthebags.com\/sv_se\/wp-json\/wp\/v2\/product"}],"about":[{"href":"https:\/\/www.yaelandthebags.com\/sv_se\/wp-json\/wp\/v2\/types\/product"}],"replies":[{"embeddable":true,"href":"https:\/\/www.yaelandthebags.com\/sv_se\/wp-json\/wp\/v2\/comments?post=11899"}],"version-history":[{"count":0,"href":"https:\/\/www.yaelandthebags.com\/sv_se\/wp-json\/wp\/v2\/product\/11899\/revisions"}],"wp:featuredmedia":[{"embeddable":true,"href":"https:\/\/www.yaelandthebags.com\/sv_se\/wp-json\/wp\/v2\/media\/11891"}],"wp:attachment":[{"href":"https:\/\/www.yaelandthebags.com\/sv_se\/wp-json\/wp\/v2\/media?parent=11899"}],"wp:term":[{"taxonomy":"product_brand","embeddable":true,"href":"https:\/\/www.yaelandthebags.com\/sv_se\/wp-json\/wp\/v2\/product_brand?post=11899"},{"taxonomy":"product_cat","embeddable":true,"href":"https:\/\/www.yaelandthebags.com\/sv_se\/wp-json\/wp\/v2\/product_cat?post=11899"},{"taxonomy":"product_tag","embeddable":true,"href":"https:\/\/www.yaelandthebags.com\/sv_se\/wp-json\/wp\/v2\/product_tag?post=11899"}],"curies":[{"name":"wp","href":"https:\/\/api.w.org\/{rel}","templated":true}]}}