{"id":12121,"date":"2024-09-28T14:13:19","date_gmt":"2024-09-28T12:13:19","guid":{"rendered":"https:\/\/www.yaelandthebags.com\/?post_type=product&#038;p=12121"},"modified":"2025-11-29T19:19:14","modified_gmt":"2025-11-29T18:19:14","slug":"sockblockare","status":"publish","type":"product","link":"https:\/\/www.yaelandthebags.com\/sv_se\/produkt\/sockblockare\/","title":{"rendered":"Sockblockare"},"content":{"rendered":"<p style=\"text-align: left;\">Sockblockarna i tr\u00e4 \u00e4r tillverkade av plywood av h\u00f6gsta kvalitet, ca 6 mm tjock plywood. De \u00e4r laserskurna och finns i tv\u00e5 olika dekorativa motiv.<\/p>\n<p>Sockblockarna g\u00f6rs noggrant f\u00f6r hand och m\u00e5las sedan med en klar, vattenbaserad lack och f\u00e5r sen en sista polering.<\/p>\n<p>Eftersom de \u00e4r tillverkade av naturligt tr\u00e4 kan de ha sm\u00e5 missf\u00e4rgningar och sm\u00e5 kvistar, vilket bara bidrar till deras charm och unika karakt\u00e4r.<\/p>\n<p>S\u00e4ljs i par (pris f\u00f6r 2 st)<\/p>\n<p>Handgjorda i Polen av en konsthantverkare.<\/p>\n<p><strong>Storlekar: <\/strong><\/p>\n<p>S &#8211; Fotens l\u00e4ngd 24 cm ( 9.4&#8243;); USA storlek 5-7, EU storlek 36-37,<\/p>\n<p>S\/M &#8211; Fotens l\u00e4ngd 25 cm ( 9.84&#8243;); USA storlek 7-8, EU storlek 38-39,<\/p>\n<p>M &#8211; Fotens l\u00e4ngd 26 cm (10,2&#8243;); USA storlek 8-9, EU storlek 39-40,<\/p>\n<p>L &#8211; Fotens l\u00e4ngd 28 cm ( 11.00&#8243; );USA storlek 11-12, EU storlek 43-44,<\/p>\n<p>XL &#8211; Fotens l\u00e4ngd 29 cm (11.4&#8243; );USA storlek 12-13, EU storlek 44,5 -45,<\/p>\n","protected":false},"excerpt":{"rendered":"<blockquote><p>&nbsp;<\/p><\/blockquote>\n","protected":false},"featured_media":9886,"comment_status":"open","ping_status":"closed","template":"","meta":[],"product_brand":[],"product_cat":[49],"product_tag":[],"class_list":{"0":"post-12121","1":"product","2":"type-product","3":"status-publish","4":"has-post-thumbnail","6":"product_cat-tillbehor","7":"description-off","9":"first","10":"instock","11":"sale","12":"taxable","13":"shipping-taxable","14":"purchasable","15":"product-type-variable"},"exclude_global_add_ons":[],"addons":[],"_links":{"self":[{"href":"https:\/\/www.yaelandthebags.com\/sv_se\/wp-json\/wp\/v2\/product\/12121","targetHints":{"allow":["GET"]}}],"collection":[{"href":"https:\/\/www.yaelandthebags.com\/sv_se\/wp-json\/wp\/v2\/product"}],"about":[{"href":"https:\/\/www.yaelandthebags.com\/sv_se\/wp-json\/wp\/v2\/types\/product"}],"replies":[{"embeddable":true,"href":"https:\/\/www.yaelandthebags.com\/sv_se\/wp-json\/wp\/v2\/comments?post=12121"}],"version-history":[{"count":1,"href":"https:\/\/www.yaelandthebags.com\/sv_se\/wp-json\/wp\/v2\/product\/12121\/revisions"}],"predecessor-version":[{"id":12449,"href":"https:\/\/www.yaelandthebags.com\/sv_se\/wp-json\/wp\/v2\/product\/12121\/revisions\/12449"}],"wp:featuredmedia":[{"embeddable":true,"href":"https:\/\/www.yaelandthebags.com\/sv_se\/wp-json\/wp\/v2\/media\/9886"}],"wp:attachment":[{"href":"https:\/\/www.yaelandthebags.com\/sv_se\/wp-json\/wp\/v2\/media?parent=12121"}],"wp:term":[{"taxonomy":"product_brand","embeddable":true,"href":"https:\/\/www.yaelandthebags.com\/sv_se\/wp-json\/wp\/v2\/product_brand?post=12121"},{"taxonomy":"product_cat","embeddable":true,"href":"https:\/\/www.yaelandthebags.com\/sv_se\/wp-json\/wp\/v2\/product_cat?post=12121"},{"taxonomy":"product_tag","embeddable":true,"href":"https:\/\/www.yaelandthebags.com\/sv_se\/wp-json\/wp\/v2\/product_tag?post=12121"}],"curies":[{"name":"wp","href":"https:\/\/api.w.org\/{rel}","templated":true}]}}