{"id":1260,"date":"2023-04-11T11:52:47","date_gmt":"2023-04-11T09:52:47","guid":{"rendered":"https:\/\/www.yaelandthebags.com\/?post_type=product&#038;p=1260"},"modified":"2023-07-18T16:14:33","modified_gmt":"2023-07-18T14:14:33","slug":"bijou-small-purse","status":"publish","type":"product","link":"https:\/\/www.yaelandthebags.com\/sv_se\/produkt\/bijou-small-purse\/","title":{"rendered":"Bijou"},"content":{"rendered":"<p><span data-contrast=\"none\">Bijou <\/span><span data-contrast=\"none\">\u00e4r en mindre handv\u00e4ska, l\u00e4<\/span><span data-contrast=\"none\">tt att ta med \u00f6verallt.\u00a0<\/span><span data-contrast=\"none\">Perfekt storlek f\u00f6<\/span><span data-contrast=\"none\">r det mest n<\/span><span data-contrast=\"none\">\u00f6<\/span><span data-contrast=\"none\">dv\u00e4<\/span><span data-contrast=\"none\">ndiga som tex mobil, nycklar och pl\u00e5nbok.\u00a0<\/span><span data-contrast=\"none\">Ca 20 cm h<\/span><span data-contrast=\"none\">\u00f6g och 18 cm bred.\u00a0<\/span><span data-contrast=\"none\">L<\/span><span data-contrast=\"none\">\u00e5<\/span><span data-contrast=\"none\">ng reglerbar axelrem, 72 cm<\/span><span data-ccp-props=\"{&quot;134233117&quot;:false,&quot;134233118&quot;:false,&quot;134245417&quot;:true,&quot;134245418&quot;:false,&quot;134245529&quot;:false,&quot;201341983&quot;:0,&quot;335551550&quot;:1,&quot;335551620&quot;:1,&quot;335559737&quot;:0,&quot;335559738&quot;:0,&quot;335559740&quot;:240}\">\u00a0<\/span><\/p>\n","protected":false},"excerpt":{"rendered":"<p>Liten handv\u00e4ska<\/p>\n","protected":false},"featured_media":952,"comment_status":"open","ping_status":"closed","template":"","meta":[],"product_brand":[],"product_cat":[40],"product_tag":[],"class_list":{"0":"post-1260","1":"product","2":"type-product","3":"status-publish","4":"has-post-thumbnail","6":"product_cat-handvaskor","7":"description-off","9":"first","10":"outofstock","11":"taxable","12":"shipping-taxable","13":"purchasable","14":"product-type-simple"},"exclude_global_add_ons":[],"addons":[],"_links":{"self":[{"href":"https:\/\/www.yaelandthebags.com\/sv_se\/wp-json\/wp\/v2\/product\/1260","targetHints":{"allow":["GET"]}}],"collection":[{"href":"https:\/\/www.yaelandthebags.com\/sv_se\/wp-json\/wp\/v2\/product"}],"about":[{"href":"https:\/\/www.yaelandthebags.com\/sv_se\/wp-json\/wp\/v2\/types\/product"}],"replies":[{"embeddable":true,"href":"https:\/\/www.yaelandthebags.com\/sv_se\/wp-json\/wp\/v2\/comments?post=1260"}],"version-history":[{"count":0,"href":"https:\/\/www.yaelandthebags.com\/sv_se\/wp-json\/wp\/v2\/product\/1260\/revisions"}],"wp:featuredmedia":[{"embeddable":true,"href":"https:\/\/www.yaelandthebags.com\/sv_se\/wp-json\/wp\/v2\/media\/952"}],"wp:attachment":[{"href":"https:\/\/www.yaelandthebags.com\/sv_se\/wp-json\/wp\/v2\/media?parent=1260"}],"wp:term":[{"taxonomy":"product_brand","embeddable":true,"href":"https:\/\/www.yaelandthebags.com\/sv_se\/wp-json\/wp\/v2\/product_brand?post=1260"},{"taxonomy":"product_cat","embeddable":true,"href":"https:\/\/www.yaelandthebags.com\/sv_se\/wp-json\/wp\/v2\/product_cat?post=1260"},{"taxonomy":"product_tag","embeddable":true,"href":"https:\/\/www.yaelandthebags.com\/sv_se\/wp-json\/wp\/v2\/product_tag?post=1260"}],"curies":[{"name":"wp","href":"https:\/\/api.w.org\/{rel}","templated":true}]}}