{"id":12770,"date":"2024-11-19T15:38:50","date_gmt":"2024-11-19T14:38:50","guid":{"rendered":"https:\/\/www.yaelandthebags.com\/?post_type=product&#038;p=12770"},"modified":"2024-12-08T16:47:47","modified_gmt":"2024-12-08T15:47:47","slug":"hanukkah-collection-rachel-sevivon","status":"publish","type":"product","link":"https:\/\/www.yaelandthebags.com\/sv_se\/produkt\/hanukkah-collection-rachel-sevivon\/","title":{"rendered":"Hanukkah Collection &#8211; Rachel &#8211; Sevivon"},"content":{"rendered":"<p>&nbsp;<\/p>\n<ul>\n<li>St\u00f6rre b\u00f6rs\/pennfodral som passar f\u00f6r pennor, virkn\u00e5lar, strumpstickor med mera<\/li>\n<li>Ca 14 cm h\u00f6g och 27 cm bred<\/li>\n<li>Passar ocks\u00e5 i handv\u00e4skan f\u00f6r f\u00f6rvaring av sm\u00e5 viktiga saker, som medicin, nycklar och l\u00e4ppstift<\/li>\n<\/ul>\n","protected":false},"excerpt":{"rendered":"<p>Pennfodral\/B\u00f6rs<\/p>\n","protected":false},"featured_media":12766,"comment_status":"open","ping_status":"closed","template":"","meta":[],"product_brand":[],"product_cat":[20],"product_tag":[],"class_list":{"0":"post-12770","1":"product","2":"type-product","3":"status-publish","4":"has-post-thumbnail","6":"product_cat-project-bags","7":"description-off","9":"first","10":"outofstock","11":"sold-individually","12":"taxable","13":"shipping-taxable","14":"purchasable","15":"product-type-simple"},"exclude_global_add_ons":[],"addons":[],"_links":{"self":[{"href":"https:\/\/www.yaelandthebags.com\/sv_se\/wp-json\/wp\/v2\/product\/12770","targetHints":{"allow":["GET"]}}],"collection":[{"href":"https:\/\/www.yaelandthebags.com\/sv_se\/wp-json\/wp\/v2\/product"}],"about":[{"href":"https:\/\/www.yaelandthebags.com\/sv_se\/wp-json\/wp\/v2\/types\/product"}],"replies":[{"embeddable":true,"href":"https:\/\/www.yaelandthebags.com\/sv_se\/wp-json\/wp\/v2\/comments?post=12770"}],"version-history":[{"count":1,"href":"https:\/\/www.yaelandthebags.com\/sv_se\/wp-json\/wp\/v2\/product\/12770\/revisions"}],"predecessor-version":[{"id":12828,"href":"https:\/\/www.yaelandthebags.com\/sv_se\/wp-json\/wp\/v2\/product\/12770\/revisions\/12828"}],"wp:featuredmedia":[{"embeddable":true,"href":"https:\/\/www.yaelandthebags.com\/sv_se\/wp-json\/wp\/v2\/media\/12766"}],"wp:attachment":[{"href":"https:\/\/www.yaelandthebags.com\/sv_se\/wp-json\/wp\/v2\/media?parent=12770"}],"wp:term":[{"taxonomy":"product_brand","embeddable":true,"href":"https:\/\/www.yaelandthebags.com\/sv_se\/wp-json\/wp\/v2\/product_brand?post=12770"},{"taxonomy":"product_cat","embeddable":true,"href":"https:\/\/www.yaelandthebags.com\/sv_se\/wp-json\/wp\/v2\/product_cat?post=12770"},{"taxonomy":"product_tag","embeddable":true,"href":"https:\/\/www.yaelandthebags.com\/sv_se\/wp-json\/wp\/v2\/product_tag?post=12770"}],"curies":[{"name":"wp","href":"https:\/\/api.w.org\/{rel}","templated":true}]}}