{"id":12895,"date":"2024-12-10T10:33:30","date_gmt":"2024-12-10T09:33:30","guid":{"rendered":"https:\/\/www.yaelandthebags.com\/?post_type=product&#038;p=12895"},"modified":"2025-01-16T10:59:24","modified_gmt":"2025-01-16T09:59:24","slug":"mazal-stor-ljus","status":"publish","type":"product","link":"https:\/\/www.yaelandthebags.com\/sv_se\/produkt\/mazal-stor-ljus\/","title":{"rendered":"Mazal stor &#8211; ljus"},"content":{"rendered":"<p>De \u00e4ldre tygerna och broderierna r\u00e4ddas fr\u00e5n loppish\u00f6garna och ges nytt liv.<\/p>\n<ul>\n<li>Ca 33 x 33 cm<span class=\"Apple-converted-space\">\u00a0<\/span><\/li>\n<li>Rymlig v\u00e4ska med dragsko<span class=\"Apple-converted-space\">\u00a0<\/span><\/li>\n<li>St\u00e4rkt med mellanl\u00e4gg<\/li>\n<li>Tv\u00e5 olika sidor<\/li>\n<li>Tv\u00e5 innerfickor<\/li>\n<\/ul>\n","protected":false},"excerpt":{"rendered":"<p>Stor handv\u00e4ska\/Projektv\u00e4ska<\/p>\n","protected":false},"featured_media":12893,"comment_status":"open","ping_status":"closed","template":"","meta":[],"product_brand":[],"product_cat":[20],"product_tag":[],"class_list":{"0":"post-12895","1":"product","2":"type-product","3":"status-publish","4":"has-post-thumbnail","6":"product_cat-project-bags","7":"description-off","9":"first","10":"outofstock","11":"taxable","12":"shipping-taxable","13":"purchasable","14":"product-type-simple"},"exclude_global_add_ons":[],"addons":[],"_links":{"self":[{"href":"https:\/\/www.yaelandthebags.com\/sv_se\/wp-json\/wp\/v2\/product\/12895","targetHints":{"allow":["GET"]}}],"collection":[{"href":"https:\/\/www.yaelandthebags.com\/sv_se\/wp-json\/wp\/v2\/product"}],"about":[{"href":"https:\/\/www.yaelandthebags.com\/sv_se\/wp-json\/wp\/v2\/types\/product"}],"replies":[{"embeddable":true,"href":"https:\/\/www.yaelandthebags.com\/sv_se\/wp-json\/wp\/v2\/comments?post=12895"}],"version-history":[{"count":1,"href":"https:\/\/www.yaelandthebags.com\/sv_se\/wp-json\/wp\/v2\/product\/12895\/revisions"}],"predecessor-version":[{"id":49597,"href":"https:\/\/www.yaelandthebags.com\/sv_se\/wp-json\/wp\/v2\/product\/12895\/revisions\/49597"}],"wp:featuredmedia":[{"embeddable":true,"href":"https:\/\/www.yaelandthebags.com\/sv_se\/wp-json\/wp\/v2\/media\/12893"}],"wp:attachment":[{"href":"https:\/\/www.yaelandthebags.com\/sv_se\/wp-json\/wp\/v2\/media?parent=12895"}],"wp:term":[{"taxonomy":"product_brand","embeddable":true,"href":"https:\/\/www.yaelandthebags.com\/sv_se\/wp-json\/wp\/v2\/product_brand?post=12895"},{"taxonomy":"product_cat","embeddable":true,"href":"https:\/\/www.yaelandthebags.com\/sv_se\/wp-json\/wp\/v2\/product_cat?post=12895"},{"taxonomy":"product_tag","embeddable":true,"href":"https:\/\/www.yaelandthebags.com\/sv_se\/wp-json\/wp\/v2\/product_tag?post=12895"}],"curies":[{"name":"wp","href":"https:\/\/api.w.org\/{rel}","templated":true}]}}