{"id":49410,"date":"2025-01-12T14:33:06","date_gmt":"2025-01-12T13:33:06","guid":{"rendered":"https:\/\/www.yaelandthebags.com\/sv_se\/?post_type=product&#038;p=49410"},"modified":"2025-04-28T10:43:43","modified_gmt":"2025-04-28T08:43:43","slug":"stickmarkor-i-tra-socka-2-2","status":"publish","type":"product","link":"https:\/\/www.yaelandthebags.com\/sv_se\/produkt\/stickmarkor-i-tra-socka-2-2\/","title":{"rendered":"Stickmark\u00f6r i tr\u00e4 &#8211; garnnystan"},"content":{"rendered":"<p>S\u00f6t stickmark\u00f6r i tr\u00e4 i form av ett garnnystan p\u00e5 metallring. Ej \u00f6ppningsbar.<\/p>\n<p>&nbsp;<\/p>\n","protected":false},"excerpt":{"rendered":"<p>S\u00f6t stickmark\u00f6r i tr\u00e4 i form av ett garnnystan p\u00e5 metallring. Ej \u00f6ppningsbar. &nbsp;<\/p>\n","protected":false},"featured_media":49413,"comment_status":"open","ping_status":"closed","template":"","meta":[],"product_brand":[],"product_cat":[49],"product_tag":[],"class_list":{"0":"post-49410","1":"product","2":"type-product","3":"status-publish","4":"has-post-thumbnail","6":"product_cat-tillbehor","7":"description-off","9":"first","10":"instock","11":"taxable","12":"shipping-taxable","13":"purchasable","14":"product-type-simple"},"exclude_global_add_ons":[],"addons":[],"_links":{"self":[{"href":"https:\/\/www.yaelandthebags.com\/sv_se\/wp-json\/wp\/v2\/product\/49410","targetHints":{"allow":["GET"]}}],"collection":[{"href":"https:\/\/www.yaelandthebags.com\/sv_se\/wp-json\/wp\/v2\/product"}],"about":[{"href":"https:\/\/www.yaelandthebags.com\/sv_se\/wp-json\/wp\/v2\/types\/product"}],"replies":[{"embeddable":true,"href":"https:\/\/www.yaelandthebags.com\/sv_se\/wp-json\/wp\/v2\/comments?post=49410"}],"version-history":[{"count":1,"href":"https:\/\/www.yaelandthebags.com\/sv_se\/wp-json\/wp\/v2\/product\/49410\/revisions"}],"predecessor-version":[{"id":49414,"href":"https:\/\/www.yaelandthebags.com\/sv_se\/wp-json\/wp\/v2\/product\/49410\/revisions\/49414"}],"wp:featuredmedia":[{"embeddable":true,"href":"https:\/\/www.yaelandthebags.com\/sv_se\/wp-json\/wp\/v2\/media\/49413"}],"wp:attachment":[{"href":"https:\/\/www.yaelandthebags.com\/sv_se\/wp-json\/wp\/v2\/media?parent=49410"}],"wp:term":[{"taxonomy":"product_brand","embeddable":true,"href":"https:\/\/www.yaelandthebags.com\/sv_se\/wp-json\/wp\/v2\/product_brand?post=49410"},{"taxonomy":"product_cat","embeddable":true,"href":"https:\/\/www.yaelandthebags.com\/sv_se\/wp-json\/wp\/v2\/product_cat?post=49410"},{"taxonomy":"product_tag","embeddable":true,"href":"https:\/\/www.yaelandthebags.com\/sv_se\/wp-json\/wp\/v2\/product_tag?post=49410"}],"curies":[{"name":"wp","href":"https:\/\/api.w.org\/{rel}","templated":true}]}}