{"id":49827,"date":"2024-12-07T09:43:22","date_gmt":"2024-12-07T08:43:22","guid":{"rendered":"https:\/\/www.yaelandthebags.com\/sv_se\/produkt\/valsignelse-for-hemmet-guldfargad\/"},"modified":"2025-11-13T06:19:40","modified_gmt":"2025-11-13T05:19:40","slug":"valsignelse-for-hemmet-guldfargad","status":"publish","type":"product","link":"https:\/\/www.yaelandthebags.com\/sv_se\/produkt\/valsignelse-for-hemmet-guldfargad\/","title":{"rendered":"V\u00e4lsignelse f\u00f6r hemmet &#8211; guldf\u00e4rgad"},"content":{"rendered":"<p>Birkat habajit- V\u00e4lsignelse f\u00f6r hemmet i form av guldpl\u00e4terat granat\u00e4pple med v\u00e4lsignelse f\u00f6r hemmet p\u00e5 hebreiska.<\/p>\n<p>Ca 6 x 4,5 cm<\/p>\n<p>H\u00e5l f\u00f6r att kunna s\u00e4tta upp den p\u00e5 v\u00e4ggen.<\/p>\n","protected":false},"excerpt":{"rendered":"<p>Birkat habajit- V\u00e4lsignelse f\u00f6r hemmet i form av guldpl\u00e4terat granat\u00e4pple med v\u00e4lsignelse f\u00f6r hemmet p\u00e5 hebreiska. Ca 6 x 4,5 cm H\u00e5l f\u00f6r att kunna s\u00e4tta upp den p\u00e5 v\u00e4ggen.<\/p>\n","protected":false},"featured_media":49855,"comment_status":"open","ping_status":"closed","template":"","meta":[],"product_brand":[],"product_cat":[54],"product_tag":[],"class_list":{"0":"post-49827","1":"product","2":"type-product","3":"status-publish","4":"has-post-thumbnail","6":"product_cat-judaica","7":"description-off","9":"first","10":"outofstock","11":"taxable","12":"shipping-taxable","13":"purchasable","14":"product-type-simple"},"exclude_global_add_ons":[],"addons":[],"_links":{"self":[{"href":"https:\/\/www.yaelandthebags.com\/sv_se\/wp-json\/wp\/v2\/product\/49827","targetHints":{"allow":["GET"]}}],"collection":[{"href":"https:\/\/www.yaelandthebags.com\/sv_se\/wp-json\/wp\/v2\/product"}],"about":[{"href":"https:\/\/www.yaelandthebags.com\/sv_se\/wp-json\/wp\/v2\/types\/product"}],"replies":[{"embeddable":true,"href":"https:\/\/www.yaelandthebags.com\/sv_se\/wp-json\/wp\/v2\/comments?post=49827"}],"version-history":[{"count":1,"href":"https:\/\/www.yaelandthebags.com\/sv_se\/wp-json\/wp\/v2\/product\/49827\/revisions"}],"predecessor-version":[{"id":50004,"href":"https:\/\/www.yaelandthebags.com\/sv_se\/wp-json\/wp\/v2\/product\/49827\/revisions\/50004"}],"wp:featuredmedia":[{"embeddable":true,"href":"https:\/\/www.yaelandthebags.com\/sv_se\/wp-json\/wp\/v2\/media\/49855"}],"wp:attachment":[{"href":"https:\/\/www.yaelandthebags.com\/sv_se\/wp-json\/wp\/v2\/media?parent=49827"}],"wp:term":[{"taxonomy":"product_brand","embeddable":true,"href":"https:\/\/www.yaelandthebags.com\/sv_se\/wp-json\/wp\/v2\/product_brand?post=49827"},{"taxonomy":"product_cat","embeddable":true,"href":"https:\/\/www.yaelandthebags.com\/sv_se\/wp-json\/wp\/v2\/product_cat?post=49827"},{"taxonomy":"product_tag","embeddable":true,"href":"https:\/\/www.yaelandthebags.com\/sv_se\/wp-json\/wp\/v2\/product_tag?post=49827"}],"curies":[{"name":"wp","href":"https:\/\/api.w.org\/{rel}","templated":true}]}}