{"id":50454,"date":"2025-07-26T18:27:14","date_gmt":"2025-07-26T16:27:14","guid":{"rendered":"https:\/\/www.yaelandthebags.com\/sv_se\/?post_type=product&#038;p=50454"},"modified":"2025-08-02T13:08:59","modified_gmt":"2025-08-02T11:08:59","slug":"renee-allmoge-2","status":"publish","type":"product","link":"https:\/\/www.yaelandthebags.com\/sv_se\/produkt\/renee-allmoge-2\/","title":{"rendered":"Ren\u00e9e &#8211; extra allt"},"content":{"rendered":"<p>&nbsp;<\/p>\n<ul>\n<li><span data-contrast=\"none\">Det h<\/span><span data-contrast=\"none\">\u00e4r \u00e4r v\u00e4<\/span><span data-contrast=\"none\">skan du beh\u00f6<\/span><span data-contrast=\"none\">ver f<\/span><span data-contrast=\"none\">\u00f6r att f<\/span><span data-contrast=\"none\">\u00e5 <\/span><span data-contrast=\"none\">plats med allt det v<\/span><span data-contrast=\"none\">\u00e4<\/span><span data-contrast=\"none\">sentliga plus ett litet stickprojekt<\/span><\/li>\n<li><span data-contrast=\"none\">Ca 35 cm h<\/span><span data-contrast=\"none\">\u00f6g och 33 cm bred, med en innerficka med dragkedja, en ytterficka med dragkedja, fodrad och st\u00e4rkt med mellanl\u00e4gg<\/span><\/li>\n<li><span data-contrast=\"none\">L<\/span><span data-contrast=\"none\">\u00e5<\/span><span data-contrast=\"none\">ng reglerbar axelrem, 72 cm<\/span><\/li>\n<li><span data-contrast=\"none\">Alla tyger \u00e4r \u00e5terbrukade <\/span><\/li>\n<\/ul>\n","protected":false},"excerpt":{"rendered":"<p>Stor handv\u00e4ska\/Projektv\u00e4ska<\/p>\n","protected":false},"featured_media":50456,"comment_status":"open","ping_status":"closed","template":"","meta":[],"product_brand":[],"product_cat":[40,20],"product_tag":[],"class_list":{"0":"post-50454","1":"product","2":"type-product","3":"status-publish","4":"has-post-thumbnail","6":"product_cat-handvaskor","7":"product_cat-project-bags","8":"description-off","10":"first","11":"outofstock","12":"taxable","13":"shipping-taxable","14":"purchasable","15":"product-type-simple"},"exclude_global_add_ons":[],"addons":[],"_links":{"self":[{"href":"https:\/\/www.yaelandthebags.com\/sv_se\/wp-json\/wp\/v2\/product\/50454","targetHints":{"allow":["GET"]}}],"collection":[{"href":"https:\/\/www.yaelandthebags.com\/sv_se\/wp-json\/wp\/v2\/product"}],"about":[{"href":"https:\/\/www.yaelandthebags.com\/sv_se\/wp-json\/wp\/v2\/types\/product"}],"replies":[{"embeddable":true,"href":"https:\/\/www.yaelandthebags.com\/sv_se\/wp-json\/wp\/v2\/comments?post=50454"}],"version-history":[{"count":2,"href":"https:\/\/www.yaelandthebags.com\/sv_se\/wp-json\/wp\/v2\/product\/50454\/revisions"}],"predecessor-version":[{"id":50462,"href":"https:\/\/www.yaelandthebags.com\/sv_se\/wp-json\/wp\/v2\/product\/50454\/revisions\/50462"}],"wp:featuredmedia":[{"embeddable":true,"href":"https:\/\/www.yaelandthebags.com\/sv_se\/wp-json\/wp\/v2\/media\/50456"}],"wp:attachment":[{"href":"https:\/\/www.yaelandthebags.com\/sv_se\/wp-json\/wp\/v2\/media?parent=50454"}],"wp:term":[{"taxonomy":"product_brand","embeddable":true,"href":"https:\/\/www.yaelandthebags.com\/sv_se\/wp-json\/wp\/v2\/product_brand?post=50454"},{"taxonomy":"product_cat","embeddable":true,"href":"https:\/\/www.yaelandthebags.com\/sv_se\/wp-json\/wp\/v2\/product_cat?post=50454"},{"taxonomy":"product_tag","embeddable":true,"href":"https:\/\/www.yaelandthebags.com\/sv_se\/wp-json\/wp\/v2\/product_tag?post=50454"}],"curies":[{"name":"wp","href":"https:\/\/api.w.org\/{rel}","templated":true}]}}