{"id":50509,"date":"2025-08-23T10:14:53","date_gmt":"2025-08-23T08:14:53","guid":{"rendered":"https:\/\/www.yaelandthebags.com\/sv_se\/?post_type=product&#038;p=50509"},"modified":"2025-12-01T15:17:28","modified_gmt":"2025-12-01T14:17:28","slug":"lucie-talgoxe-3","status":"publish","type":"product","link":"https:\/\/www.yaelandthebags.com\/sv_se\/produkt\/lucie-talgoxe-3\/","title":{"rendered":"Lucie &#8211; slow stitch pink"},"content":{"rendered":"<p>&nbsp;<\/p>\n<ul>\n<li>Lucie \u00e4r en liten projektv\u00e4ska\/sockv\u00e4ska\/necess\u00e4r med kraftigt mellanl\u00e4gg och bred botten<\/li>\n<li>Ca 15 cm h\u00f6g och 27 cm \u00f6vre l\u00e4ngd<\/li>\n<li>Perfekt f\u00f6r mindre projekt s\u00e5som sock- eller vantstickning eller f\u00f6rvaring av verktyg och tillbeh\u00f6r<\/li>\n<li>P\u00e5 en bas av nunotovad ull och siden har bitar av sidentyg sytts fast med l\u00e5ngsamma, meditativa sashikostygn.<\/li>\n<\/ul>\n","protected":false},"excerpt":{"rendered":"<p>Sockv\u00e4ska\/Necess\u00e4r<\/p>\n","protected":false},"featured_media":50516,"comment_status":"open","ping_status":"closed","template":"","meta":[],"product_brand":[],"product_cat":[20],"product_tag":[],"class_list":{"0":"post-50509","1":"product","2":"type-product","3":"status-publish","4":"has-post-thumbnail","6":"product_cat-project-bags","7":"description-off","9":"first","10":"instock","11":"sold-individually","12":"taxable","13":"shipping-taxable","14":"purchasable","15":"product-type-simple"},"exclude_global_add_ons":[],"addons":[],"_links":{"self":[{"href":"https:\/\/www.yaelandthebags.com\/sv_se\/wp-json\/wp\/v2\/product\/50509","targetHints":{"allow":["GET"]}}],"collection":[{"href":"https:\/\/www.yaelandthebags.com\/sv_se\/wp-json\/wp\/v2\/product"}],"about":[{"href":"https:\/\/www.yaelandthebags.com\/sv_se\/wp-json\/wp\/v2\/types\/product"}],"replies":[{"embeddable":true,"href":"https:\/\/www.yaelandthebags.com\/sv_se\/wp-json\/wp\/v2\/comments?post=50509"}],"version-history":[{"count":1,"href":"https:\/\/www.yaelandthebags.com\/sv_se\/wp-json\/wp\/v2\/product\/50509\/revisions"}],"predecessor-version":[{"id":50514,"href":"https:\/\/www.yaelandthebags.com\/sv_se\/wp-json\/wp\/v2\/product\/50509\/revisions\/50514"}],"wp:featuredmedia":[{"embeddable":true,"href":"https:\/\/www.yaelandthebags.com\/sv_se\/wp-json\/wp\/v2\/media\/50516"}],"wp:attachment":[{"href":"https:\/\/www.yaelandthebags.com\/sv_se\/wp-json\/wp\/v2\/media?parent=50509"}],"wp:term":[{"taxonomy":"product_brand","embeddable":true,"href":"https:\/\/www.yaelandthebags.com\/sv_se\/wp-json\/wp\/v2\/product_brand?post=50509"},{"taxonomy":"product_cat","embeddable":true,"href":"https:\/\/www.yaelandthebags.com\/sv_se\/wp-json\/wp\/v2\/product_cat?post=50509"},{"taxonomy":"product_tag","embeddable":true,"href":"https:\/\/www.yaelandthebags.com\/sv_se\/wp-json\/wp\/v2\/product_tag?post=50509"}],"curies":[{"name":"wp","href":"https:\/\/api.w.org\/{rel}","templated":true}]}}