{"id":50619,"date":"2025-09-25T13:39:15","date_gmt":"2025-09-25T11:39:15","guid":{"rendered":"https:\/\/www.yaelandthebags.com\/sv_se\/?post_type=product&#038;p=50619"},"modified":"2026-01-20T11:25:29","modified_gmt":"2026-01-20T10:25:29","slug":"lizette-am-yisrael-chai-2","status":"publish","type":"product","link":"https:\/\/www.yaelandthebags.com\/sv_se\/produkt\/lizette-am-yisrael-chai-2\/","title":{"rendered":"Lizette &#8211; F\u00e5gel"},"content":{"rendered":"<p>Stor projektv\u00e4ska\/necess\u00e4r. Stadig v\u00e4ska med bred botten.<\/p>\n<p>Ca 20 cm h\u00f6g och 32 cm \u00f6vre bredd.<\/p>\n<p>V\u00e4skan \u00e4r sydd av hampa- och bomullstyger fr\u00e5n Vietnam, gjorda av kvinnorna fr\u00e5n H\u2019mong-minoriteten p\u00e5 traditionellt vis, f\u00f6r hand och mycket sm\u00e5skaligt producerade. F\u00e5geln \u00e4r \u00e5terbruk.<\/p>\n","protected":false},"excerpt":{"rendered":"<p>Stor projektv\u00e4ska med bred botten<\/p>\n","protected":false},"featured_media":50614,"comment_status":"open","ping_status":"closed","template":"","meta":[],"product_brand":[],"product_cat":[40,20],"product_tag":[],"class_list":{"0":"post-50619","1":"product","2":"type-product","3":"status-publish","4":"has-post-thumbnail","6":"product_cat-handvaskor","7":"product_cat-project-bags","8":"description-off","10":"first","11":"outofstock","12":"taxable","13":"shipping-taxable","14":"purchasable","15":"product-type-simple"},"exclude_global_add_ons":[],"addons":[],"_links":{"self":[{"href":"https:\/\/www.yaelandthebags.com\/sv_se\/wp-json\/wp\/v2\/product\/50619","targetHints":{"allow":["GET"]}}],"collection":[{"href":"https:\/\/www.yaelandthebags.com\/sv_se\/wp-json\/wp\/v2\/product"}],"about":[{"href":"https:\/\/www.yaelandthebags.com\/sv_se\/wp-json\/wp\/v2\/types\/product"}],"replies":[{"embeddable":true,"href":"https:\/\/www.yaelandthebags.com\/sv_se\/wp-json\/wp\/v2\/comments?post=50619"}],"version-history":[{"count":1,"href":"https:\/\/www.yaelandthebags.com\/sv_se\/wp-json\/wp\/v2\/product\/50619\/revisions"}],"predecessor-version":[{"id":50620,"href":"https:\/\/www.yaelandthebags.com\/sv_se\/wp-json\/wp\/v2\/product\/50619\/revisions\/50620"}],"wp:featuredmedia":[{"embeddable":true,"href":"https:\/\/www.yaelandthebags.com\/sv_se\/wp-json\/wp\/v2\/media\/50614"}],"wp:attachment":[{"href":"https:\/\/www.yaelandthebags.com\/sv_se\/wp-json\/wp\/v2\/media?parent=50619"}],"wp:term":[{"taxonomy":"product_brand","embeddable":true,"href":"https:\/\/www.yaelandthebags.com\/sv_se\/wp-json\/wp\/v2\/product_brand?post=50619"},{"taxonomy":"product_cat","embeddable":true,"href":"https:\/\/www.yaelandthebags.com\/sv_se\/wp-json\/wp\/v2\/product_cat?post=50619"},{"taxonomy":"product_tag","embeddable":true,"href":"https:\/\/www.yaelandthebags.com\/sv_se\/wp-json\/wp\/v2\/product_tag?post=50619"}],"curies":[{"name":"wp","href":"https:\/\/api.w.org\/{rel}","templated":true}]}}