{"id":50636,"date":"2025-09-25T14:13:27","date_gmt":"2025-09-25T12:13:27","guid":{"rendered":"https:\/\/www.yaelandthebags.com\/sv_se\/?post_type=product&#038;p=50636"},"modified":"2025-09-25T14:14:48","modified_gmt":"2025-09-25T12:14:48","slug":"bijou-small-purse-2-2-2","status":"publish","type":"product","link":"https:\/\/www.yaelandthebags.com\/sv_se\/produkt\/bijou-small-purse-2-2-2\/","title":{"rendered":"Bijou &#8211; mobilv\u00e4ska rosa\/r\u00f6d\/gul"},"content":{"rendered":"<p><span data-contrast=\"none\">Bijou <\/span><span data-contrast=\"none\">\u00e4r en mindre handv\u00e4ska, l\u00e4<\/span><span data-contrast=\"none\">tt att ta med \u00f6verallt.&nbsp;<\/span><span data-contrast=\"none\">Perfekt storlek f\u00f6<\/span><span data-contrast=\"none\">r det mest n<\/span><span data-contrast=\"none\">\u00f6<\/span><span data-contrast=\"none\">dv\u00e4<\/span><span data-contrast=\"none\">ndiga som mobil <\/span>och<span data-contrast=\"none\"> nycklar<\/span><span data-contrast=\"none\">. Ca 20 cm h<\/span><span data-contrast=\"none\">\u00f6g och 13 cm bred.&nbsp;<\/span><span data-contrast=\"none\">L<\/span><span data-contrast=\"none\">\u00e5<\/span><span data-contrast=\"none\">ng reglerbar axelrem. <\/span><\/p>\n<p><span data-contrast=\"none\">Sydd av handv\u00e4vda <\/span>randiga<span data-contrast=\"none\"> <\/span>tyger.<span data-contrast=\"none\"> <\/span><\/p>\n","protected":false},"excerpt":{"rendered":"<p>Liten handv\u00e4ska<\/p>\n","protected":false},"featured_media":50638,"comment_status":"open","ping_status":"closed","template":"","meta":[],"product_brand":[],"product_cat":[40],"product_tag":[],"class_list":{"0":"post-50636","1":"product","2":"type-product","3":"status-publish","4":"has-post-thumbnail","6":"product_cat-handvaskor","7":"description-off","9":"first","10":"instock","11":"taxable","12":"shipping-taxable","13":"purchasable","14":"product-type-simple"},"exclude_global_add_ons":[],"addons":[],"_links":{"self":[{"href":"https:\/\/www.yaelandthebags.com\/sv_se\/wp-json\/wp\/v2\/product\/50636","targetHints":{"allow":["GET"]}}],"collection":[{"href":"https:\/\/www.yaelandthebags.com\/sv_se\/wp-json\/wp\/v2\/product"}],"about":[{"href":"https:\/\/www.yaelandthebags.com\/sv_se\/wp-json\/wp\/v2\/types\/product"}],"replies":[{"embeddable":true,"href":"https:\/\/www.yaelandthebags.com\/sv_se\/wp-json\/wp\/v2\/comments?post=50636"}],"version-history":[{"count":1,"href":"https:\/\/www.yaelandthebags.com\/sv_se\/wp-json\/wp\/v2\/product\/50636\/revisions"}],"predecessor-version":[{"id":50642,"href":"https:\/\/www.yaelandthebags.com\/sv_se\/wp-json\/wp\/v2\/product\/50636\/revisions\/50642"}],"wp:featuredmedia":[{"embeddable":true,"href":"https:\/\/www.yaelandthebags.com\/sv_se\/wp-json\/wp\/v2\/media\/50638"}],"wp:attachment":[{"href":"https:\/\/www.yaelandthebags.com\/sv_se\/wp-json\/wp\/v2\/media?parent=50636"}],"wp:term":[{"taxonomy":"product_brand","embeddable":true,"href":"https:\/\/www.yaelandthebags.com\/sv_se\/wp-json\/wp\/v2\/product_brand?post=50636"},{"taxonomy":"product_cat","embeddable":true,"href":"https:\/\/www.yaelandthebags.com\/sv_se\/wp-json\/wp\/v2\/product_cat?post=50636"},{"taxonomy":"product_tag","embeddable":true,"href":"https:\/\/www.yaelandthebags.com\/sv_se\/wp-json\/wp\/v2\/product_tag?post=50636"}],"curies":[{"name":"wp","href":"https:\/\/api.w.org\/{rel}","templated":true}]}}