{"id":50680,"date":"2025-10-10T12:03:01","date_gmt":"2025-10-10T10:03:01","guid":{"rendered":"https:\/\/www.yaelandthebags.com\/sv_se\/?post_type=product&#038;p=50680"},"modified":"2026-01-20T11:26:48","modified_gmt":"2026-01-20T10:26:48","slug":"bokmarke-shabbat-blommor-2-2-2-2-2-2-2","status":"publish","type":"product","link":"https:\/\/www.yaelandthebags.com\/sv_se\/produkt\/bokmarke-shabbat-blommor-2-2-2-2-2-2-2\/","title":{"rendered":"Bokm\u00e4rke Shabbat &#8211; sm\u00e5 hundar"},"content":{"rendered":"<p>Ett vackert bokm\u00e4rke sytt av \u00e4ldre tyger och st\u00e4rkt med mellanl\u00e4gg f\u00f6r att vara stadigt. Andra sidan av nyproducerat tyg med tryckt text: Shabbat shalom<\/p>\n","protected":false},"excerpt":{"rendered":"<p>Ett vackert bokm\u00e4rke sytt av \u00e4ldre tyger och st\u00e4rkt med mellanl\u00e4gg f\u00f6r att vara stadigt. Andra sidan av nyproducerat tyg med tryckt text: Shabbat shalom<\/p>\n","protected":false},"featured_media":50681,"comment_status":"open","ping_status":"closed","template":"","meta":[],"product_brand":[],"product_cat":[249,54],"product_tag":[],"class_list":{"0":"post-50680","1":"product","2":"type-product","3":"status-publish","4":"has-post-thumbnail","6":"product_cat-bokmarken","7":"product_cat-judaica","8":"description-off","10":"first","11":"outofstock","12":"taxable","13":"shipping-taxable","14":"purchasable","15":"product-type-simple"},"exclude_global_add_ons":[],"addons":[],"_links":{"self":[{"href":"https:\/\/www.yaelandthebags.com\/sv_se\/wp-json\/wp\/v2\/product\/50680","targetHints":{"allow":["GET"]}}],"collection":[{"href":"https:\/\/www.yaelandthebags.com\/sv_se\/wp-json\/wp\/v2\/product"}],"about":[{"href":"https:\/\/www.yaelandthebags.com\/sv_se\/wp-json\/wp\/v2\/types\/product"}],"replies":[{"embeddable":true,"href":"https:\/\/www.yaelandthebags.com\/sv_se\/wp-json\/wp\/v2\/comments?post=50680"}],"version-history":[{"count":1,"href":"https:\/\/www.yaelandthebags.com\/sv_se\/wp-json\/wp\/v2\/product\/50680\/revisions"}],"predecessor-version":[{"id":50683,"href":"https:\/\/www.yaelandthebags.com\/sv_se\/wp-json\/wp\/v2\/product\/50680\/revisions\/50683"}],"wp:featuredmedia":[{"embeddable":true,"href":"https:\/\/www.yaelandthebags.com\/sv_se\/wp-json\/wp\/v2\/media\/50681"}],"wp:attachment":[{"href":"https:\/\/www.yaelandthebags.com\/sv_se\/wp-json\/wp\/v2\/media?parent=50680"}],"wp:term":[{"taxonomy":"product_brand","embeddable":true,"href":"https:\/\/www.yaelandthebags.com\/sv_se\/wp-json\/wp\/v2\/product_brand?post=50680"},{"taxonomy":"product_cat","embeddable":true,"href":"https:\/\/www.yaelandthebags.com\/sv_se\/wp-json\/wp\/v2\/product_cat?post=50680"},{"taxonomy":"product_tag","embeddable":true,"href":"https:\/\/www.yaelandthebags.com\/sv_se\/wp-json\/wp\/v2\/product_tag?post=50680"}],"curies":[{"name":"wp","href":"https:\/\/api.w.org\/{rel}","templated":true}]}}