{"id":50992,"date":"2026-01-23T10:51:50","date_gmt":"2026-01-23T09:51:50","guid":{"rendered":"https:\/\/www.yaelandthebags.com\/sv_se\/?post_type=product&#038;p=50992"},"modified":"2026-03-10T22:30:20","modified_gmt":"2026-03-10T21:30:20","slug":"broderisax-svart-3-2-2-3-3-2-3-2","status":"publish","type":"product","link":"https:\/\/www.yaelandthebags.com\/sv_se\/produkt\/broderisax-svart-3-2-2-3-3-2-3-2\/","title":{"rendered":"Bokm\u00e4rke v\u00e4v"},"content":{"rendered":"<p>Ett unikt bokm\u00e4rke sytt av \u00e5terbrukat tyg och spets som st\u00e4rkts med mellanl\u00e4gg.<\/p>\n","protected":false},"excerpt":{"rendered":"<p>Ett unikt bokm\u00e4rke sytt av \u00e5terbrukat tyg och spets som st\u00e4rkts med mellanl\u00e4gg.<\/p>\n","protected":false},"featured_media":50993,"comment_status":"open","ping_status":"closed","template":"","meta":[],"product_brand":[],"product_cat":[249],"product_tag":[],"class_list":{"0":"post-50992","1":"product","2":"type-product","3":"status-publish","4":"has-post-thumbnail","6":"product_cat-bokmarken","7":"description-off","9":"first","10":"instock","11":"taxable","12":"shipping-taxable","13":"purchasable","14":"product-type-simple"},"exclude_global_add_ons":[],"addons":[],"_links":{"self":[{"href":"https:\/\/www.yaelandthebags.com\/sv_se\/wp-json\/wp\/v2\/product\/50992","targetHints":{"allow":["GET"]}}],"collection":[{"href":"https:\/\/www.yaelandthebags.com\/sv_se\/wp-json\/wp\/v2\/product"}],"about":[{"href":"https:\/\/www.yaelandthebags.com\/sv_se\/wp-json\/wp\/v2\/types\/product"}],"replies":[{"embeddable":true,"href":"https:\/\/www.yaelandthebags.com\/sv_se\/wp-json\/wp\/v2\/comments?post=50992"}],"version-history":[{"count":1,"href":"https:\/\/www.yaelandthebags.com\/sv_se\/wp-json\/wp\/v2\/product\/50992\/revisions"}],"predecessor-version":[{"id":50995,"href":"https:\/\/www.yaelandthebags.com\/sv_se\/wp-json\/wp\/v2\/product\/50992\/revisions\/50995"}],"wp:featuredmedia":[{"embeddable":true,"href":"https:\/\/www.yaelandthebags.com\/sv_se\/wp-json\/wp\/v2\/media\/50993"}],"wp:attachment":[{"href":"https:\/\/www.yaelandthebags.com\/sv_se\/wp-json\/wp\/v2\/media?parent=50992"}],"wp:term":[{"taxonomy":"product_brand","embeddable":true,"href":"https:\/\/www.yaelandthebags.com\/sv_se\/wp-json\/wp\/v2\/product_brand?post=50992"},{"taxonomy":"product_cat","embeddable":true,"href":"https:\/\/www.yaelandthebags.com\/sv_se\/wp-json\/wp\/v2\/product_cat?post=50992"},{"taxonomy":"product_tag","embeddable":true,"href":"https:\/\/www.yaelandthebags.com\/sv_se\/wp-json\/wp\/v2\/product_tag?post=50992"}],"curies":[{"name":"wp","href":"https:\/\/api.w.org\/{rel}","templated":true}]}}