{"id":51049,"date":"2026-01-25T12:01:08","date_gmt":"2026-01-25T11:01:08","guid":{"rendered":"https:\/\/www.yaelandthebags.com\/sv_se\/?post_type=product&#038;p=51049"},"modified":"2026-01-25T12:03:18","modified_gmt":"2026-01-25T11:03:18","slug":"sara-julapple-2-2-3","status":"publish","type":"product","link":"https:\/\/www.yaelandthebags.com\/sv_se\/produkt\/sara-julapple-2-2-3\/","title":{"rendered":"Sara &#8211; Vietnam"},"content":{"rendered":"<p>&nbsp;<\/p>\n<ul>\n<li><span data-contrast=\"none\">B<\/span><span data-contrast=\"none\">\u00f6<\/span><span data-contrast=\"none\">rsen <\/span><span data-contrast=\"none\">\u00e4r perfekt f<\/span><span data-contrast=\"none\">\u00f6r allt litet du vill ha med dig, s\u00e5som syn<\/span><span data-contrast=\"none\">\u00e5<\/span><span data-contrast=\"none\">lar, sax, tr<\/span><span data-contrast=\"none\">\u00e5<\/span><span data-contrast=\"none\">d och m<\/span><span data-contrast=\"none\">\u00e5<\/span><span data-contrast=\"none\">ttband<\/span><\/li>\n<li><span data-contrast=\"none\">Ca 14 cm h<\/span><span data-contrast=\"none\">\u00f6g och 20 cm bred<\/span><\/li>\n<li><span data-contrast=\"none\">Passar ocks<\/span><span data-contrast=\"none\">\u00e5 <\/span><span data-contrast=\"none\">i handv<\/span><span data-contrast=\"none\">\u00e4<\/span><span data-contrast=\"none\">skan f\u00f6<\/span><span data-contrast=\"none\">r f<\/span><span data-contrast=\"none\">\u00f6<\/span><span data-contrast=\"none\">rvaring av sm\u00e5 <\/span><span data-contrast=\"none\">viktiga saker, som medicin, nycklar<\/span><span> och l\u00e4ppstift<\/span><\/li>\n<\/ul>\n<p>Sytt av tyg producerat av en minoritet i Vietnam. Allt fr\u00e5n att s\u00e5 hampan till att v\u00e4va, f\u00e4rga och trycka \u00e4r gjort av familjer som f\u00f6rs\u00f6rjer sig p\u00e5 detta och f\u00f6r vidare den fantastiska hantverkskunskapen.<\/p>\n","protected":false},"excerpt":{"rendered":"<p>Liten b\u00f6rs<\/p>\n","protected":false},"featured_media":51051,"comment_status":"open","ping_status":"closed","template":"","meta":[],"product_brand":[],"product_cat":[46,20],"product_tag":[],"class_list":{"0":"post-51049","1":"product","2":"type-product","3":"status-publish","4":"has-post-thumbnail","6":"product_cat-bors","7":"product_cat-project-bags","8":"description-off","10":"first","11":"instock","12":"sold-individually","13":"taxable","14":"shipping-taxable","15":"purchasable","16":"product-type-simple"},"exclude_global_add_ons":[],"addons":[],"_links":{"self":[{"href":"https:\/\/www.yaelandthebags.com\/sv_se\/wp-json\/wp\/v2\/product\/51049","targetHints":{"allow":["GET"]}}],"collection":[{"href":"https:\/\/www.yaelandthebags.com\/sv_se\/wp-json\/wp\/v2\/product"}],"about":[{"href":"https:\/\/www.yaelandthebags.com\/sv_se\/wp-json\/wp\/v2\/types\/product"}],"replies":[{"embeddable":true,"href":"https:\/\/www.yaelandthebags.com\/sv_se\/wp-json\/wp\/v2\/comments?post=51049"}],"version-history":[{"count":2,"href":"https:\/\/www.yaelandthebags.com\/sv_se\/wp-json\/wp\/v2\/product\/51049\/revisions"}],"predecessor-version":[{"id":51054,"href":"https:\/\/www.yaelandthebags.com\/sv_se\/wp-json\/wp\/v2\/product\/51049\/revisions\/51054"}],"wp:featuredmedia":[{"embeddable":true,"href":"https:\/\/www.yaelandthebags.com\/sv_se\/wp-json\/wp\/v2\/media\/51051"}],"wp:attachment":[{"href":"https:\/\/www.yaelandthebags.com\/sv_se\/wp-json\/wp\/v2\/media?parent=51049"}],"wp:term":[{"taxonomy":"product_brand","embeddable":true,"href":"https:\/\/www.yaelandthebags.com\/sv_se\/wp-json\/wp\/v2\/product_brand?post=51049"},{"taxonomy":"product_cat","embeddable":true,"href":"https:\/\/www.yaelandthebags.com\/sv_se\/wp-json\/wp\/v2\/product_cat?post=51049"},{"taxonomy":"product_tag","embeddable":true,"href":"https:\/\/www.yaelandthebags.com\/sv_se\/wp-json\/wp\/v2\/product_tag?post=51049"}],"curies":[{"name":"wp","href":"https:\/\/api.w.org\/{rel}","templated":true}]}}