{"id":51066,"date":"2026-01-25T12:07:12","date_gmt":"2026-01-25T11:07:12","guid":{"rendered":"https:\/\/www.yaelandthebags.com\/sv_se\/?post_type=product&#038;p=51066"},"modified":"2026-01-25T12:07:25","modified_gmt":"2026-01-25T11:07:25","slug":"rachel-rosa-mint-2","status":"publish","type":"product","link":"https:\/\/www.yaelandthebags.com\/sv_se\/produkt\/rachel-rosa-mint-2\/","title":{"rendered":"Rachel &#8211; Indigo 1"},"content":{"rendered":"<p>&nbsp;<\/p>\n<ul>\n<li>St\u00f6rre b\u00f6rs\/pennfodral som passar f\u00f6r pennor, virkn\u00e5lar, strumpstickor med mera<\/li>\n<li>Ca 14 cm h\u00f6g och 27 cm bred<\/li>\n<li>Passar ocks\u00e5 i handv\u00e4skan f\u00f6r f\u00f6rvaring av sm\u00e5 viktiga saker, som medicin, nycklar och l\u00e4ppstift<\/li>\n<\/ul>\n<p>Sytt av tyg producerat av en minoritet i Vietnam. Allt fr\u00e5n att s\u00e5 hampan till att v\u00e4va, f\u00e4rga och trycka \u00e4r gjort av familjer som f\u00f6rs\u00f6rjer sig p\u00e5 detta och f\u00f6r vidare den fantastiska hantverkskunskapen.<\/p>\n","protected":false},"excerpt":{"rendered":"<p>Pennfodral\/B\u00f6rs<\/p>\n","protected":false},"featured_media":51063,"comment_status":"open","ping_status":"closed","template":"","meta":[],"product_brand":[],"product_cat":[20],"product_tag":[],"class_list":{"0":"post-51066","1":"product","2":"type-product","3":"status-publish","4":"has-post-thumbnail","6":"product_cat-project-bags","7":"description-off","9":"first","10":"instock","11":"sold-individually","12":"taxable","13":"shipping-taxable","14":"purchasable","15":"product-type-simple"},"exclude_global_add_ons":[],"addons":[],"_links":{"self":[{"href":"https:\/\/www.yaelandthebags.com\/sv_se\/wp-json\/wp\/v2\/product\/51066","targetHints":{"allow":["GET"]}}],"collection":[{"href":"https:\/\/www.yaelandthebags.com\/sv_se\/wp-json\/wp\/v2\/product"}],"about":[{"href":"https:\/\/www.yaelandthebags.com\/sv_se\/wp-json\/wp\/v2\/types\/product"}],"replies":[{"embeddable":true,"href":"https:\/\/www.yaelandthebags.com\/sv_se\/wp-json\/wp\/v2\/comments?post=51066"}],"version-history":[{"count":1,"href":"https:\/\/www.yaelandthebags.com\/sv_se\/wp-json\/wp\/v2\/product\/51066\/revisions"}],"predecessor-version":[{"id":51067,"href":"https:\/\/www.yaelandthebags.com\/sv_se\/wp-json\/wp\/v2\/product\/51066\/revisions\/51067"}],"wp:featuredmedia":[{"embeddable":true,"href":"https:\/\/www.yaelandthebags.com\/sv_se\/wp-json\/wp\/v2\/media\/51063"}],"wp:attachment":[{"href":"https:\/\/www.yaelandthebags.com\/sv_se\/wp-json\/wp\/v2\/media?parent=51066"}],"wp:term":[{"taxonomy":"product_brand","embeddable":true,"href":"https:\/\/www.yaelandthebags.com\/sv_se\/wp-json\/wp\/v2\/product_brand?post=51066"},{"taxonomy":"product_cat","embeddable":true,"href":"https:\/\/www.yaelandthebags.com\/sv_se\/wp-json\/wp\/v2\/product_cat?post=51066"},{"taxonomy":"product_tag","embeddable":true,"href":"https:\/\/www.yaelandthebags.com\/sv_se\/wp-json\/wp\/v2\/product_tag?post=51066"}],"curies":[{"name":"wp","href":"https:\/\/api.w.org\/{rel}","templated":true}]}}