{"id":51145,"date":"2026-03-15T13:14:07","date_gmt":"2026-03-15T12:14:07","guid":{"rendered":"https:\/\/www.yaelandthebags.com\/sv_se\/?post_type=product&#038;p=51145"},"modified":"2026-03-15T13:15:45","modified_gmt":"2026-03-15T12:15:45","slug":"challah-duk-2","status":"publish","type":"product","link":"https:\/\/www.yaelandthebags.com\/sv_se\/produkt\/challah-duk-2\/","title":{"rendered":"Challah &#8211; duk"},"content":{"rendered":"<ul>\n<li data-leveltext=\"\u2022\" data-font=\"Helvetica\" data-listid=\"3\" data-aria-posinset=\"1\" data-aria-level=\"1\"><strong>Unik Challahduk (anv\u00e4nds f\u00f6r att t\u00e4cka br\u00f6den innan v\u00e4lsignelsen p\u00e5 Shabbat och judiska helgdagar)<\/strong><\/li>\n<li data-leveltext=\"\u2022\" data-font=\"Helvetica\" data-listid=\"3\" data-aria-posinset=\"2\" data-aria-level=\"1\">Tillverkad med vintagetyger och ett nyproducerat tyg med granat\u00e4pplen.<\/li>\n<li data-leveltext=\"\u2022\" data-font=\"Helvetica\" data-listid=\"3\" data-aria-posinset=\"2\" data-aria-level=\"1\">Handgjort broderi p\u00e5 hebreiska: Shabbat veYom tov (betyder F\u00f6r Shabbat och helgdagar)<\/li>\n<li data-leveltext=\"\u2022\" data-font=\"Helvetica\" data-listid=\"3\" data-aria-posinset=\"2\" data-aria-level=\"1\">Baksida i tunt vitt tyg<\/li>\n<li data-leveltext=\"\u2022\" data-font=\"Helvetica\" data-listid=\"3\" data-aria-posinset=\"3\" data-aria-level=\"1\"><span data-contrast=\"none\">Tv\u00e4ttas f\u00f6rsiktigt f\u00f6r hand<\/span><\/li>\n<li data-leveltext=\"\u2022\" data-font=\"Helvetica\" data-listid=\"3\" data-aria-posinset=\"4\" data-aria-level=\"1\">Challahduken \u00e4r ca 38 x 54 cm<\/li>\n<\/ul>\n","protected":false},"excerpt":{"rendered":"<p>Unik Challahduk (anv\u00e4nds f\u00f6r att t\u00e4cka br\u00f6den innan v\u00e4lsignelsen p\u00e5 Shabbat och judiska helgdagar) Tillverkad med vintagetyger och ett nyproducerat tyg med granat\u00e4pplen. Handgjort broderi p\u00e5 hebreiska: Shabbat veYom tov (betyder F\u00f6r Shabbat och helgdagar) Baksida i tunt vitt tyg Tv\u00e4ttas f\u00f6rsiktigt f\u00f6r hand Challahduken \u00e4r ca 38 x 54 cm<\/p>\n","protected":false},"featured_media":51146,"comment_status":"open","ping_status":"closed","template":"","meta":[],"product_brand":[],"product_cat":[54],"product_tag":[],"class_list":{"0":"post-51145","1":"product","2":"type-product","3":"status-publish","4":"has-post-thumbnail","6":"product_cat-judaica","7":"description-off","9":"first","10":"instock","11":"taxable","12":"shipping-taxable","13":"purchasable","14":"product-type-simple"},"exclude_global_add_ons":[],"addons":[],"_links":{"self":[{"href":"https:\/\/www.yaelandthebags.com\/sv_se\/wp-json\/wp\/v2\/product\/51145","targetHints":{"allow":["GET"]}}],"collection":[{"href":"https:\/\/www.yaelandthebags.com\/sv_se\/wp-json\/wp\/v2\/product"}],"about":[{"href":"https:\/\/www.yaelandthebags.com\/sv_se\/wp-json\/wp\/v2\/types\/product"}],"replies":[{"embeddable":true,"href":"https:\/\/www.yaelandthebags.com\/sv_se\/wp-json\/wp\/v2\/comments?post=51145"}],"version-history":[{"count":1,"href":"https:\/\/www.yaelandthebags.com\/sv_se\/wp-json\/wp\/v2\/product\/51145\/revisions"}],"predecessor-version":[{"id":51151,"href":"https:\/\/www.yaelandthebags.com\/sv_se\/wp-json\/wp\/v2\/product\/51145\/revisions\/51151"}],"wp:featuredmedia":[{"embeddable":true,"href":"https:\/\/www.yaelandthebags.com\/sv_se\/wp-json\/wp\/v2\/media\/51146"}],"wp:attachment":[{"href":"https:\/\/www.yaelandthebags.com\/sv_se\/wp-json\/wp\/v2\/media?parent=51145"}],"wp:term":[{"taxonomy":"product_brand","embeddable":true,"href":"https:\/\/www.yaelandthebags.com\/sv_se\/wp-json\/wp\/v2\/product_brand?post=51145"},{"taxonomy":"product_cat","embeddable":true,"href":"https:\/\/www.yaelandthebags.com\/sv_se\/wp-json\/wp\/v2\/product_cat?post=51145"},{"taxonomy":"product_tag","embeddable":true,"href":"https:\/\/www.yaelandthebags.com\/sv_se\/wp-json\/wp\/v2\/product_tag?post=51145"}],"curies":[{"name":"wp","href":"https:\/\/api.w.org\/{rel}","templated":true}]}}