{"id":7957,"date":"2023-06-12T11:21:00","date_gmt":"2023-06-12T09:21:00","guid":{"rendered":"https:\/\/www.yaelandthebags.com\/?post_type=product&#038;p=7957"},"modified":"2024-11-07T13:11:46","modified_gmt":"2024-11-07T12:11:46","slug":"nalbrev-morkbla","status":"publish","type":"product","link":"https:\/\/www.yaelandthebags.com\/sv_se\/produkt\/nalbrev-morkbla\/","title":{"rendered":"N\u00e5lbrev &#8211; m\u00f6rkbl\u00e5"},"content":{"rendered":"<p>Unikt n\u00e5lbrev gjord av \u00e5tervunna linnetyger, gamla borderier och andra vackra \u00e4ldre tyger. Framsidan har en virkad ruta i ospunnen ull och baksidan pryds av sm\u00e5 vackra tygbitar handsydda med sashikostygn. I ett n\u00e5lbrev f\u00f6rvarar du allt sm\u00e5tt du beh\u00f6ver f\u00f6r att handsy som tex, liten sax, tr\u00e5d, garnstumpar, syn\u00e5lar med mera. Allt h\u00e5lls ihop med ett vackert v\u00e4vt band och n\u00e5lbrevet kan f\u00f6rvaras som fyrkant eller rullas ihop. Ungef\u00e4r 13 x 3 cm.<\/p>\n","protected":false},"excerpt":{"rendered":"<p>Needle book \/Huswif<\/p>\n","protected":false},"featured_media":7936,"comment_status":"open","ping_status":"closed","template":"","meta":[],"product_brand":[],"product_cat":[35],"product_tag":[],"class_list":{"0":"post-7957","1":"product","2":"type-product","3":"status-publish","4":"has-post-thumbnail","6":"product_cat-needle-book-huswif","7":"description-off","9":"first","10":"outofstock","11":"sale","12":"taxable","13":"shipping-taxable","14":"purchasable","15":"product-type-simple"},"exclude_global_add_ons":[],"addons":[],"_links":{"self":[{"href":"https:\/\/www.yaelandthebags.com\/sv_se\/wp-json\/wp\/v2\/product\/7957","targetHints":{"allow":["GET"]}}],"collection":[{"href":"https:\/\/www.yaelandthebags.com\/sv_se\/wp-json\/wp\/v2\/product"}],"about":[{"href":"https:\/\/www.yaelandthebags.com\/sv_se\/wp-json\/wp\/v2\/types\/product"}],"replies":[{"embeddable":true,"href":"https:\/\/www.yaelandthebags.com\/sv_se\/wp-json\/wp\/v2\/comments?post=7957"}],"version-history":[{"count":0,"href":"https:\/\/www.yaelandthebags.com\/sv_se\/wp-json\/wp\/v2\/product\/7957\/revisions"}],"wp:featuredmedia":[{"embeddable":true,"href":"https:\/\/www.yaelandthebags.com\/sv_se\/wp-json\/wp\/v2\/media\/7936"}],"wp:attachment":[{"href":"https:\/\/www.yaelandthebags.com\/sv_se\/wp-json\/wp\/v2\/media?parent=7957"}],"wp:term":[{"taxonomy":"product_brand","embeddable":true,"href":"https:\/\/www.yaelandthebags.com\/sv_se\/wp-json\/wp\/v2\/product_brand?post=7957"},{"taxonomy":"product_cat","embeddable":true,"href":"https:\/\/www.yaelandthebags.com\/sv_se\/wp-json\/wp\/v2\/product_cat?post=7957"},{"taxonomy":"product_tag","embeddable":true,"href":"https:\/\/www.yaelandthebags.com\/sv_se\/wp-json\/wp\/v2\/product_tag?post=7957"}],"curies":[{"name":"wp","href":"https:\/\/api.w.org\/{rel}","templated":true}]}}